{"id":710,"date":"2024-02-01T13:23:55","date_gmt":"2024-02-01T12:23:55","guid":{"rendered":"https:\/\/elefka.com\/?page_id=710"},"modified":"2024-02-01T13:40:04","modified_gmt":"2024-02-01T12:40:04","slug":"elementor-710","status":"publish","type":"page","link":"https:\/\/elefka.com\/el\/elementor-710\/","title":{"rendered":"\u03cd\u03c0\u03bd\u03c9\u03c3\u03b7"},"content":{"rendered":"<div data-elementor-type=\"wp-page\" data-elementor-id=\"710\" class=\"elementor elementor-710\">\n\t\t\t\t<div class=\"elementor-element elementor-element-154b2c9 e-flex e-con-boxed e-con e-parent\" data-id=\"154b2c9\" data-element_type=\"container\" data-e-type=\"container\">\n\t\t\t\t\t<div class=\"e-con-inner\">\n\t\t\t\t<div class=\"elementor-element elementor-element-9429913 elementor-widget elementor-widget-heading\" data-id=\"9429913\" data-element_type=\"widget\" data-e-type=\"widget\" data-widget_type=\"heading.default\">\n\t\t\t\t<div class=\"elementor-widget-container\">\n\t\t\t\t\t<h2 class=\"elementor-heading-title elementor-size-default\">\u03cd\u03c0\u03bd\u03c9\u03c3\u03b7<\/h2>\t\t\t\t<\/div>\n\t\t\t\t<\/div>\n\t\t\t\t\t<\/div>\n\t\t\t\t<\/div>\n\t\t<div class=\"elementor-element elementor-element-9653e14 e-con-full e-flex e-con e-parent\" data-id=\"9653e14\" data-element_type=\"container\" data-e-type=\"container\">\n\t\t<div class=\"elementor-element elementor-element-d6a6026 e-flex e-con-boxed e-con e-child\" data-id=\"d6a6026\" data-element_type=\"container\" data-e-type=\"container\">\n\t\t\t\t\t<div class=\"e-con-inner\">\n\t\t\t\t<div class=\"elementor-element elementor-element-8cd48e8 elementor-widget elementor-widget-heading\" data-id=\"8cd48e8\" data-element_type=\"widget\" data-e-type=\"widget\" data-widget_type=\"heading.default\">\n\t\t\t\t<div class=\"elementor-widget-container\">\n\t\t\t\t\t<h3 class=\"elementor-heading-title elementor-size-default\">\u0391\u03bd\u03b1\u03ba\u03b1\u03bb\u03cd\u03c8\u03c4\u03b5 \u03c4\u03bf\u03bd \u03ba\u03cc\u03c3\u03bc\u03bf \u03c4\u03b7\u03c2 \u03cd\u03c0\u03bd\u03c9\u03c3\u03b7\u03c2 \u03bc\u03b5 \u03c4\u03b7 \u03bc\u03ad\u03b8\u03bf\u03b4\u03bf OMNI<\/h3>\t\t\t\t<\/div>\n\t\t\t\t<\/div>\n\t\t\t\t<div class=\"elementor-element elementor-element-75497e0 elementor-widget elementor-widget-text-editor\" data-id=\"75497e0\" data-element_type=\"widget\" data-e-type=\"widget\" data-widget_type=\"text-editor.default\">\n\t\t\t\t<div class=\"elementor-widget-container\">\n\t\t\t\t\t\t\t\t\t<p>\u0397 \u03cd\u03c0\u03bd\u03c9\u03c3\u03b7 OMNI \u03b1\u03bd\u03bf\u03af\u03b3\u03b5\u03b9 \u03bc\u03b9\u03b1 \u03c3\u03c5\u03bd\u03b1\u03c1\u03c0\u03b1\u03c3\u03c4\u03b9\u03ba\u03ae \u03c0\u03cc\u03c1\u03c4\u03b1 \u03c3\u03c4\u03bf \u03bc\u03c5\u03b1\u03bb\u03cc \u03c3\u03b1\u03c2 \u03ba\u03b1\u03b9 \u03c0\u03c1\u03bf\u03c3\u03c6\u03ad\u03c1\u03b5\u03b9 \u03bc\u03b9\u03b1 \u03bc\u03bf\u03bd\u03b1\u03b4\u03b9\u03ba\u03ae \u03c0\u03bf\u03c1\u03b5\u03af\u03b1 \u03c0\u03c1\u03bf\u03c2 \u03b8\u03b5\u03c4\u03b9\u03ba\u03ae \u03b1\u03bb\u03bb\u03b1\u03b3\u03ae. \u0397 \u03cd\u03c0\u03bd\u03c9\u03c3\u03b7, \u03c9\u03c2 \u03ba\u03b5\u03bd\u03c4\u03c1\u03b9\u03ba\u03cc \u03c3\u03c5\u03c3\u03c4\u03b1\u03c4\u03b9\u03ba\u03cc \u03c4\u03b7\u03c2 \u03bc\u03b5\u03b8\u03cc\u03b4\u03bf\u03c5 OMNI, \u03b5\u03af\u03bd\u03b1\u03b9 \u03bc\u03b9\u03b1 \u03b1\u03c0\u03bf\u03b4\u03b5\u03b4\u03b5\u03b9\u03b3\u03bc\u03ad\u03bd\u03b7 \u03c4\u03b5\u03c7\u03bd\u03b9\u03ba\u03ae \u03c0\u03bf\u03c5 \u03c3\u03c4\u03bf\u03c7\u03b5\u03cd\u03b5\u03b9 \u03c3\u03c4\u03b7\u03bd \u03c0\u03c1\u03cc\u03ba\u03bb\u03b7\u03c3\u03b7 \u03bc\u03b9\u03b1\u03c2 \u03b2\u03b1\u03b8\u03b9\u03ac\u03c2 \u03ba\u03b1\u03c4\u03ac\u03c3\u03c4\u03b1\u03c3\u03b7\u03c2 \u03c7\u03b1\u03bb\u03ac\u03c1\u03c9\u03c3\u03b7\u03c2 \u03ba\u03b1\u03b9 \u03c3\u03c5\u03b3\u03ba\u03ad\u03bd\u03c4\u03c1\u03c9\u03c3\u03b7\u03c2.<\/p>\t\t\t\t\t\t\t\t<\/div>\n\t\t\t\t<\/div>\n\t\t\t\t<div class=\"elementor-element elementor-element-18ca444 elementor-widget elementor-widget-heading\" data-id=\"18ca444\" data-element_type=\"widget\" data-e-type=\"widget\" data-widget_type=\"heading.default\">\n\t\t\t\t<div class=\"elementor-widget-container\">\n\t\t\t\t\t<h3 class=\"elementor-heading-title elementor-size-default\">\u038e\u03c0\u03bd\u03c9\u03c3\u03b7 - \u0388\u03bd\u03b1 \u03c4\u03b1\u03be\u03af\u03b4\u03b9 \u03c3\u03c4\u03bf \u03c5\u03c0\u03bf\u03c3\u03c5\u03bd\u03b5\u03af\u03b4\u03b7\u03c4\u03bf:<\/h3>\t\t\t\t<\/div>\n\t\t\t\t<\/div>\n\t\t\t\t<div class=\"elementor-element elementor-element-848d794 elementor-widget elementor-widget-text-editor\" data-id=\"848d794\" data-element_type=\"widget\" data-e-type=\"widget\" data-widget_type=\"text-editor.default\">\n\t\t\t\t<div class=\"elementor-widget-container\">\n\t\t\t\t\t\t\t\t\t<p>\u0397 \u03cd\u03c0\u03bd\u03c9\u03c3\u03b7 \u03b5\u03af\u03bd\u03b1\u03b9 \u03bc\u03b9\u03b1 \u03c6\u03c5\u03c3\u03b9\u03ba\u03ae \u03ba\u03b1\u03c4\u03ac\u03c3\u03c4\u03b1\u03c3\u03b7 \u03c3\u03c5\u03b3\u03ba\u03ad\u03bd\u03c4\u03c1\u03c9\u03c3\u03b7\u03c2 \u03c3\u03c4\u03b7\u03bd \u03bf\u03c0\u03bf\u03af\u03b1 \u03c4\u03bf \u03bc\u03c5\u03b1\u03bb\u03cc \u03b3\u03af\u03bd\u03b5\u03c4\u03b1\u03b9 \u03b9\u03b4\u03b9\u03b1\u03af\u03c4\u03b5\u03c1\u03b1 \u03b4\u03b5\u03ba\u03c4\u03b9\u03ba\u03cc \u03c3\u03b5 \u03b8\u03b5\u03c4\u03b9\u03ba\u03ad\u03c2 \u03c0\u03c1\u03bf\u03c4\u03ac\u03c3\u03b5\u03b9\u03c2. \u0395\u03af\u03bd\u03b1\u03b9 \u03bc\u03b9\u03b1 \u03c7\u03b1\u03bb\u03b1\u03c1\u03ae \u03ba\u03b1\u03c4\u03ac\u03c3\u03c4\u03b1\u03c3\u03b7 \u03c3\u03c4\u03b7\u03bd \u03bf\u03c0\u03bf\u03af\u03b1 \u03c4\u03bf \u03c5\u03c0\u03bf\u03c3\u03c5\u03bd\u03b5\u03af\u03b4\u03b7\u03c4\u03bf \u03b5\u03af\u03bd\u03b1\u03b9 \u03c0\u03b9\u03bf \u03c0\u03c1\u03bf\u03c3\u03b2\u03ac\u03c3\u03b9\u03bc\u03bf. \u039a\u03b1\u03c4\u03ac \u03c4\u03b7 \u03b4\u03b9\u03ac\u03c1\u03ba\u03b5\u03b9\u03b1 \u03c4\u03b7\u03c2 \u03cd\u03c0\u03bd\u03c9\u03c3\u03b7\u03c2, \u03bc\u03c0\u03bf\u03c1\u03bf\u03cd\u03bc\u03b5 \u03bd\u03b1 \u03b5\u03c1\u03b3\u03b1\u03c3\u03c4\u03bf\u03cd\u03bc\u03b5 \u03b5\u03b9\u03b4\u03b9\u03ba\u03ac \u03bc\u03b5 \u03c4\u03bf \u03c5\u03c0\u03bf\u03c3\u03c5\u03bd\u03b5\u03af\u03b4\u03b7\u03c4\u03cc \u03c3\u03b1\u03c2 \u03b3\u03b9\u03b1 \u03bd\u03b1 \u03b5\u03c0\u03b7\u03c1\u03b5\u03ac\u03c3\u03bf\u03c5\u03bc\u03b5 \u03c4\u03b9\u03c2 \u03c0\u03b5\u03c0\u03bf\u03b9\u03b8\u03ae\u03c3\u03b5\u03b9\u03c2 \u03ba\u03b1\u03b9 \u03c4\u03b1 \u03c0\u03c1\u03cc\u03c4\u03c5\u03c0\u03b1 \u03c3\u03c5\u03bc\u03c0\u03b5\u03c1\u03b9\u03c6\u03bf\u03c1\u03ac\u03c2.<\/p>\t\t\t\t\t\t\t\t<\/div>\n\t\t\t\t<\/div>\n\t\t\t\t<div class=\"elementor-element elementor-element-c844885 elementor-widget elementor-widget-heading\" data-id=\"c844885\" data-element_type=\"widget\" data-e-type=\"widget\" data-widget_type=\"heading.default\">\n\t\t\t\t<div class=\"elementor-widget-container\">\n\t\t\t\t\t<h3 class=\"elementor-heading-title elementor-size-default\">\u039f\u03b9 \u03b1\u03c1\u03c7\u03ad\u03c2 \u03c4\u03b7\u03c2 \u03bc\u03b5\u03b8\u03cc\u03b4\u03bf\u03c5 OMNI:<\/h3>\t\t\t\t<\/div>\n\t\t\t\t<\/div>\n\t\t\t\t<div class=\"elementor-element elementor-element-412028a elementor-widget elementor-widget-text-editor\" data-id=\"412028a\" data-element_type=\"widget\" data-e-type=\"widget\" data-widget_type=\"text-editor.default\">\n\t\t\t\t<div class=\"elementor-widget-container\">\n\t\t\t\t\t\t\t\t\t<p>\u0397 \u03cd\u03c0\u03bd\u03c9\u03c3\u03b7 OMNI \u03b2\u03b1\u03c3\u03af\u03b6\u03b5\u03c4\u03b1\u03b9 \u03c3\u03c4\u03b9\u03c2 \u03b1\u03c1\u03c7\u03ad\u03c2 \u03c4\u03bf\u03c5 Dave Elman, \u03c0\u03c1\u03c9\u03c4\u03bf\u03c0\u03cc\u03c1\u03bf\u03c5 \u03c3\u03c4\u03bf\u03bd \u03c4\u03bf\u03bc\u03ad\u03b1 \u03c4\u03b7\u03c2 \u03cd\u03c0\u03bd\u03c9\u03c3\u03b7\u03c2. \u0391\u03c5\u03c4\u03ae \u03b7 \u03bc\u03ad\u03b8\u03bf\u03b4\u03bf\u03c2 \u03b4\u03af\u03bd\u03b5\u03b9 \u03ad\u03bc\u03c6\u03b1\u03c3\u03b7 \u03c3\u03c4\u03b7\u03bd \u03b1\u03c4\u03bf\u03bc\u03b9\u03ba\u03cc\u03c4\u03b7\u03c4\u03b1 \u03ba\u03ac\u03b8\u03b5 \u03b1\u03c4\u03cc\u03bc\u03bf\u03c5 \u03ba\u03b1\u03b9 \u03c0\u03c1\u03bf\u03c3\u03b1\u03c1\u03bc\u03cc\u03b6\u03b5\u03b9 \u03c4\u03b9\u03c2 \u03c3\u03c5\u03bd\u03b5\u03b4\u03c1\u03af\u03b5\u03c2 \u03b1\u03bd\u03ac\u03bb\u03bf\u03b3\u03b1. \u0395\u03af\u03c4\u03b5 \u03c0\u03c1\u03cc\u03ba\u03b5\u03b9\u03c4\u03b1\u03b9 \u03b3\u03b9\u03b1 \u03b4\u03b9\u03b1\u03ba\u03bf\u03c0\u03ae \u03c4\u03bf\u03c5 \u03ba\u03b1\u03c0\u03bd\u03af\u03c3\u03bc\u03b1\u03c4\u03bf\u03c2, \u03b4\u03b9\u03b1\u03c7\u03b5\u03af\u03c1\u03b9\u03c3\u03b7 \u03b2\u03ac\u03c1\u03bf\u03c5\u03c2 \u03ae \u03c5\u03c0\u03b5\u03c1\u03bd\u03af\u03ba\u03b7\u03c3\u03b7 \u03c6\u03cc\u03b2\u03c9\u03bd - \u03b7 \u03bc\u03ad\u03b8\u03bf\u03b4\u03bf\u03c2 OMNI \u03c0\u03c1\u03bf\u03c3\u03c6\u03ad\u03c1\u03b5\u03b9 \u03bc\u03b9\u03b1 \u03bf\u03bb\u03bf\u03ba\u03bb\u03b7\u03c1\u03c9\u03bc\u03ad\u03bd\u03b7 \u03c0\u03c1\u03bf\u03c3\u03ad\u03b3\u03b3\u03b9\u03c3\u03b7 \u03b3\u03b9\u03b1 \u03c4\u03b7\u03bd \u03c0\u03c1\u03bf\u03c3\u03c9\u03c0\u03b9\u03ba\u03ae \u03bc\u03b5\u03c4\u03b1\u03bc\u03cc\u03c1\u03c6\u03c9\u03c3\u03b7.<\/p>\t\t\t\t\t\t\t\t<\/div>\n\t\t\t\t<\/div>\n\t\t\t\t<div class=\"elementor-element elementor-element-848e67c elementor-widget elementor-widget-heading\" data-id=\"848e67c\" data-element_type=\"widget\" data-e-type=\"widget\" data-widget_type=\"heading.default\">\n\t\t\t\t<div class=\"elementor-widget-container\">\n\t\t\t\t\t<h2 class=\"elementor-heading-title elementor-size-default\">\u039c\u03b9\u03b1 \u03b2\u03b1\u03b8\u03b9\u03ac \u03ba\u03b1\u03c4\u03ac\u03c3\u03c4\u03b1\u03c3\u03b7 \u03c7\u03b1\u03bb\u03ac\u03c1\u03c9\u03c3\u03b7\u03c2:<\/h2>\t\t\t\t<\/div>\n\t\t\t\t<\/div>\n\t\t\t\t<div class=\"elementor-element elementor-element-22a92cc elementor-widget elementor-widget-text-editor\" data-id=\"22a92cc\" data-element_type=\"widget\" data-e-type=\"widget\" data-widget_type=\"text-editor.default\">\n\t\t\t\t<div class=\"elementor-widget-container\">\n\t\t\t\t\t\t\t\t\t<p>\u039a\u03b1\u03c4\u03ac \u03c4\u03b7 \u03b4\u03b9\u03ac\u03c1\u03ba\u03b5\u03b9\u03b1 \u03bc\u03b9\u03b1\u03c2 \u03c3\u03c5\u03bd\u03b5\u03b4\u03c1\u03af\u03b1\u03c2 \u03cd\u03c0\u03bd\u03c9\u03c3\u03b7\u03c2, \u03b8\u03b1 \u03b2\u03b9\u03ce\u03c3\u03b5\u03c4\u03b5 \u03bc\u03b9\u03b1 \u03b2\u03b1\u03b8\u03b9\u03ac \u03ba\u03b1\u03c4\u03ac\u03c3\u03c4\u03b1\u03c3\u03b7 \u03c7\u03b1\u03bb\u03ac\u03c1\u03c9\u03c3\u03b7\u03c2. \u0391\u03c5\u03c4\u03ae \u03b7 \u03ba\u03b1\u03c4\u03ac\u03c3\u03c4\u03b1\u03c3\u03b7 \u03cc\u03c7\u03b9 \u03bc\u03cc\u03bd\u03bf \u03c0\u03c1\u03bf\u03ac\u03b3\u03b5\u03b9 \u03c4\u03b7 \u03c3\u03c5\u03bd\u03b1\u03b9\u03c3\u03b8\u03b7\u03bc\u03b1\u03c4\u03b9\u03ba\u03ae \u03b5\u03c5\u03b5\u03be\u03af\u03b1, \u03b1\u03bb\u03bb\u03ac \u03b5\u03c0\u03b9\u03c4\u03c1\u03ad\u03c0\u03b5\u03b9 \u03ba\u03b1\u03b9 \u03c4\u03b7\u03bd \u03c0\u03c1\u03cc\u03c3\u03b2\u03b1\u03c3\u03b7 \u03c3\u03c4\u03b1 \u03b2\u03b1\u03b8\u03cd\u03c4\u03b5\u03c1\u03b1 \u03c3\u03c4\u03c1\u03ce\u03bc\u03b1\u03c4\u03b1 \u03c4\u03bf\u03c5 \u03bd\u03bf\u03c5 \u03c3\u03b1\u03c2.<\/p>\t\t\t\t\t\t\t\t<\/div>\n\t\t\t\t<\/div>\n\t\t\t\t<div class=\"elementor-element elementor-element-9e04ea5 elementor-widget elementor-widget-heading\" data-id=\"9e04ea5\" data-element_type=\"widget\" data-e-type=\"widget\" data-widget_type=\"heading.default\">\n\t\t\t\t<div class=\"elementor-widget-container\">\n\t\t\t\t\t<h2 class=\"elementor-heading-title elementor-size-default\">\u03a7\u03c1\u03b7\u03c3\u03b9\u03bc\u03bf\u03c0\u03bf\u03b9\u03ae\u03c3\u03c4\u03b5 \u03c4\u03b7 \u03b4\u03cd\u03bd\u03b1\u03bc\u03b7 \u03c4\u03c9\u03bd \u03c3\u03ba\u03ad\u03c8\u03b5\u03ce\u03bd \u03c3\u03b1\u03c2:<\/h2>\t\t\t\t<\/div>\n\t\t\t\t<\/div>\n\t\t\t\t<div class=\"elementor-element elementor-element-83873e7 elementor-widget elementor-widget-text-editor\" data-id=\"83873e7\" data-element_type=\"widget\" data-e-type=\"widget\" data-widget_type=\"text-editor.default\">\n\t\t\t\t<div class=\"elementor-widget-container\">\n\t\t\t\t\t\t\t\t\t<p>\u0397 OMNI Hypnosis \u03c0\u03b9\u03c3\u03c4\u03b5\u03cd\u03b5\u03b9 \u03c3\u03c4\u03b7 \u03bc\u03b5\u03c4\u03b1\u03bc\u03bf\u03c1\u03c6\u03c9\u03c4\u03b9\u03ba\u03ae \u03b4\u03cd\u03bd\u03b1\u03bc\u03b7 \u03c4\u03c9\u03bd \u03b4\u03b9\u03ba\u03ce\u03bd \u03c3\u03b1\u03c2 \u03c3\u03ba\u03ad\u03c8\u03b5\u03c9\u03bd. \u039c\u03ad\u03c3\u03c9 \u03c3\u03c4\u03bf\u03c7\u03b5\u03c5\u03bc\u03ad\u03bd\u03b7\u03c2 \u03b5\u03c1\u03b3\u03b1\u03c3\u03af\u03b1\u03c2 \u03bc\u03b5 \u03c4\u03bf \u03bc\u03c5\u03b1\u03bb\u03cc \u03c3\u03b1\u03c2, \u03bc\u03c0\u03bf\u03c1\u03bf\u03cd\u03bc\u03b5 \u03bd\u03b1 \u03c3\u03c5\u03bd\u03b5\u03c1\u03b3\u03b1\u03c3\u03c4\u03bf\u03cd\u03bc\u03b5 \u03b3\u03b9\u03b1 \u03c4\u03b7\u03bd \u03b1\u03bb\u03bb\u03b1\u03b3\u03ae \u03c0\u03bf\u03c5 \u03b5\u03c0\u03b9\u03b8\u03c5\u03bc\u03b5\u03af\u03c4\u03b5.<\/p><p>\u039a\u03b1\u03bb\u03ce\u03c2 \u03bf\u03c1\u03af\u03c3\u03b1\u03c4\u03b5 \u03c3\u03b5 \u03ad\u03bd\u03b1\u03bd \u03ba\u03cc\u03c3\u03bc\u03bf \u03b4\u03c5\u03bd\u03b1\u03c4\u03bf\u03c4\u03ae\u03c4\u03c9\u03bd. \u0391\u03c2 \u03b1\u03bd\u03b1\u03ba\u03b1\u03bb\u03cd\u03c8\u03bf\u03c5\u03bc\u03b5 \u03bc\u03b1\u03b6\u03af \u03c4\u03b7\u03bd OMNI Hypnosis \u03ba\u03b1\u03b9 \u03b1\u03c2 \u03be\u03b5\u03ba\u03b9\u03bd\u03ae\u03c3\u03bf\u03c5\u03bc\u03b5 \u03c4\u03bf \u03c4\u03b1\u03be\u03af\u03b4\u03b9 \u03c3\u03b1\u03c2 \u03c0\u03c1\u03bf\u03c2 \u03c4\u03b7\u03bd \u03c0\u03c1\u03bf\u03c3\u03c9\u03c0\u03b9\u03ba\u03ae \u03b5\u03c5\u03b5\u03be\u03af\u03b1.<\/p>\t\t\t\t\t\t\t\t<\/div>\n\t\t\t\t<\/div>\n\t\t\t\t\t<\/div>\n\t\t\t\t<\/div>\n\t\t\t\t<\/div>\n\t\t\t\t<\/div>","protected":false},"excerpt":{"rendered":"<p>Hypnose Entdecken Sie die Welt der Hypnose mit der OMNI Methode Die OMNI Hypnose \u00f6ffnet eine faszinierende T\u00fcr zu Ihrem eigenen Geist und bietet einen einzigartigen Weg zur positiven Ver\u00e4nderung. Hypnose, als zentraler Bestandteil der OMNI Methode, ist eine bew\u00e4hrte Technik, die darauf abzielt, einen tiefen Zustand der Entspannung und Konzentration zu induzieren. Hypnose &#8211; [&hellip;]<\/p>\n","protected":false},"author":211446737,"featured_media":0,"parent":0,"menu_order":0,"comment_status":"closed","ping_status":"closed","template":"","meta":{"_crdt_document":"","_monsterinsights_skip_tracking":false,"_monsterinsights_sitenote_active":false,"_monsterinsights_sitenote_note":"","_monsterinsights_sitenote_category":0,"footnotes":""},"class_list":["post-710","page","type-page","status-publish","hentry","entry"],"yoast_head":"<!-- This site is optimized with the Yoast SEO plugin v27.4 - https:\/\/yoast.com\/product\/yoast-seo-wordpress\/ -->\n<title>Hypnose - Hypnose f\u00fcr K\u00f6rper, Geist und Seele<\/title>\n<meta name=\"robots\" content=\"index, follow, max-snippet:-1, max-image-preview:large, max-video-preview:-1\" \/>\n<link rel=\"canonical\" href=\"https:\/\/elefka.com\/el\/elementor-710\/\" \/>\n<meta property=\"og:locale\" content=\"el_GR\" \/>\n<meta property=\"og:type\" content=\"article\" \/>\n<meta property=\"og:title\" content=\"Hypnose - Hypnose f\u00fcr K\u00f6rper, Geist und Seele\" \/>\n<meta property=\"og:description\" content=\"Hypnose Entdecken Sie die Welt der Hypnose mit der OMNI Methode Die OMNI Hypnose \u00f6ffnet eine faszinierende T\u00fcr zu Ihrem eigenen Geist und bietet einen einzigartigen Weg zur positiven Ver\u00e4nderung. Hypnose, als zentraler Bestandteil der OMNI Methode, ist eine bew\u00e4hrte Technik, die darauf abzielt, einen tiefen Zustand der Entspannung und Konzentration zu induzieren. Hypnose &#8211; [&hellip;]\" \/>\n<meta property=\"og:url\" content=\"https:\/\/elefka.com\/el\/elementor-710\/\" \/>\n<meta property=\"og:site_name\" content=\"Hypnose f\u00fcr K\u00f6rper, Geist und Seele\" \/>\n<meta property=\"article:publisher\" content=\"https:\/\/www.facebook.com\/people\/Find-your-peace-Psychologische-Beratung-Coaching-Lefteri-Karakostas\/100065520128344\/\" \/>\n<meta property=\"article:modified_time\" content=\"2024-02-01T12:40:04+00:00\" \/>\n<meta name=\"twitter:card\" content=\"summary_large_image\" \/>\n<meta name=\"twitter:label1\" content=\"\u0395\u03ba\u03c4\u03b9\u03bc\u03ce\u03bc\u03b5\u03bd\u03bf\u03c2 \u03c7\u03c1\u03cc\u03bd\u03bf\u03c2 \u03b1\u03bd\u03ac\u03b3\u03bd\u03c9\u03c3\u03b7\u03c2\" \/>\n\t<meta name=\"twitter:data1\" content=\"1 \u03bb\u03b5\u03c0\u03c4\u03cc\" \/>\n<script type=\"application\/ld+json\" class=\"yoast-schema-graph\">{\"@context\":\"https:\\\/\\\/schema.org\",\"@graph\":[{\"@type\":\"WebPage\",\"@id\":\"https:\\\/\\\/elefka.com\\\/elementor-710\\\/\",\"url\":\"https:\\\/\\\/elefka.com\\\/elementor-710\\\/\",\"name\":\"Hypnose - Hypnose f\u00fcr K\u00f6rper, Geist und Seele\",\"isPartOf\":{\"@id\":\"https:\\\/\\\/elefka.com\\\/#website\"},\"datePublished\":\"2024-02-01T12:23:55+00:00\",\"dateModified\":\"2024-02-01T12:40:04+00:00\",\"breadcrumb\":{\"@id\":\"https:\\\/\\\/elefka.com\\\/elementor-710\\\/#breadcrumb\"},\"inLanguage\":\"el\",\"potentialAction\":[{\"@type\":\"ReadAction\",\"target\":[\"https:\\\/\\\/elefka.com\\\/elementor-710\\\/\"]}]},{\"@type\":\"BreadcrumbList\",\"@id\":\"https:\\\/\\\/elefka.com\\\/elementor-710\\\/#breadcrumb\",\"itemListElement\":[{\"@type\":\"ListItem\",\"position\":1,\"name\":\"Startseite\",\"item\":\"https:\\\/\\\/elefka.com\\\/\"},{\"@type\":\"ListItem\",\"position\":2,\"name\":\"Hypnose\"}]},{\"@type\":\"WebSite\",\"@id\":\"https:\\\/\\\/elefka.com\\\/#website\",\"url\":\"https:\\\/\\\/elefka.com\\\/\",\"name\":\"Psychologische Beratung & Hypnose\",\"description\":\"Stress, Angst &amp; mehr bew\u00e4ltigen\",\"publisher\":{\"@id\":\"https:\\\/\\\/elefka.com\\\/#organization\"},\"potentialAction\":[{\"@type\":\"SearchAction\",\"target\":{\"@type\":\"EntryPoint\",\"urlTemplate\":\"https:\\\/\\\/elefka.com\\\/?s={search_term_string}\"},\"query-input\":{\"@type\":\"PropertyValueSpecification\",\"valueRequired\":true,\"valueName\":\"search_term_string\"}}],\"inLanguage\":\"el\"},{\"@type\":\"Organization\",\"@id\":\"https:\\\/\\\/elefka.com\\\/#organization\",\"name\":\"Psychologische Beratung & Hypnocoaching\",\"url\":\"https:\\\/\\\/elefka.com\\\/\",\"logo\":{\"@type\":\"ImageObject\",\"inLanguage\":\"el\",\"@id\":\"https:\\\/\\\/elefka.com\\\/#\\\/schema\\\/logo\\\/image\\\/\",\"url\":\"https:\\\/\\\/i0.wp.com\\\/elefka.com\\\/wp-content\\\/uploads\\\/2024\\\/01\\\/cropped-handylogo.png?fit=875%2C709&ssl=1\",\"contentUrl\":\"https:\\\/\\\/i0.wp.com\\\/elefka.com\\\/wp-content\\\/uploads\\\/2024\\\/01\\\/cropped-handylogo.png?fit=875%2C709&ssl=1\",\"width\":875,\"height\":709,\"caption\":\"Psychologische Beratung & Hypnocoaching\"},\"image\":{\"@id\":\"https:\\\/\\\/elefka.com\\\/#\\\/schema\\\/logo\\\/image\\\/\"},\"sameAs\":[\"https:\\\/\\\/www.facebook.com\\\/people\\\/Find-your-peace-Psychologische-Beratung-Coaching-Lefteri-Karakostas\\\/100065520128344\\\/\",\"https:\\\/\\\/www.instagram.com\\\/elefka_\\\/\"]}]}<\/script>\n<!-- \/ Yoast SEO plugin. -->","yoast_head_json":{"title":"Hypnose - Hypnose f\u00fcr K\u00f6rper, Geist und Seele","robots":{"index":"index","follow":"follow","max-snippet":"max-snippet:-1","max-image-preview":"max-image-preview:large","max-video-preview":"max-video-preview:-1"},"canonical":"https:\/\/elefka.com\/el\/elementor-710\/","og_locale":"el_GR","og_type":"article","og_title":"Hypnose - Hypnose f\u00fcr K\u00f6rper, Geist und Seele","og_description":"Hypnose Entdecken Sie die Welt der Hypnose mit der OMNI Methode Die OMNI Hypnose \u00f6ffnet eine faszinierende T\u00fcr zu Ihrem eigenen Geist und bietet einen einzigartigen Weg zur positiven Ver\u00e4nderung. Hypnose, als zentraler Bestandteil der OMNI Methode, ist eine bew\u00e4hrte Technik, die darauf abzielt, einen tiefen Zustand der Entspannung und Konzentration zu induzieren. Hypnose &#8211; [&hellip;]","og_url":"https:\/\/elefka.com\/el\/elementor-710\/","og_site_name":"Hypnose f\u00fcr K\u00f6rper, Geist und Seele","article_publisher":"https:\/\/www.facebook.com\/people\/Find-your-peace-Psychologische-Beratung-Coaching-Lefteri-Karakostas\/100065520128344\/","article_modified_time":"2024-02-01T12:40:04+00:00","twitter_card":"summary_large_image","twitter_misc":{"\u0395\u03ba\u03c4\u03b9\u03bc\u03ce\u03bc\u03b5\u03bd\u03bf\u03c2 \u03c7\u03c1\u03cc\u03bd\u03bf\u03c2 \u03b1\u03bd\u03ac\u03b3\u03bd\u03c9\u03c3\u03b7\u03c2":"1 \u03bb\u03b5\u03c0\u03c4\u03cc"},"schema":{"@context":"https:\/\/schema.org","@graph":[{"@type":"WebPage","@id":"https:\/\/elefka.com\/elementor-710\/","url":"https:\/\/elefka.com\/elementor-710\/","name":"Hypnose - Hypnose f\u00fcr K\u00f6rper, Geist und Seele","isPartOf":{"@id":"https:\/\/elefka.com\/#website"},"datePublished":"2024-02-01T12:23:55+00:00","dateModified":"2024-02-01T12:40:04+00:00","breadcrumb":{"@id":"https:\/\/elefka.com\/elementor-710\/#breadcrumb"},"inLanguage":"el","potentialAction":[{"@type":"ReadAction","target":["https:\/\/elefka.com\/elementor-710\/"]}]},{"@type":"BreadcrumbList","@id":"https:\/\/elefka.com\/elementor-710\/#breadcrumb","itemListElement":[{"@type":"ListItem","position":1,"name":"Startseite","item":"https:\/\/elefka.com\/"},{"@type":"ListItem","position":2,"name":"Hypnose"}]},{"@type":"WebSite","@id":"https:\/\/elefka.com\/#website","url":"https:\/\/elefka.com\/","name":"\u03a8\u03c5\u03c7\u03bf\u03bb\u03bf\u03b3\u03b9\u03ba\u03ae \u03c3\u03c5\u03bc\u03b2\u03bf\u03c5\u03bb\u03b5\u03c5\u03c4\u03b9\u03ba\u03ae \u03ba\u03b1\u03b9 \u03cd\u03c0\u03bd\u03c9\u03c3\u03b7","description":"\u0391\u03bd\u03c4\u03b9\u03bc\u03b5\u03c4\u03ce\u03c0\u03b9\u03c3\u03b7 \u03c4\u03bf\u03c5 \u03c3\u03c4\u03c1\u03b5\u03c2, \u03c4\u03bf\u03c5 \u03ac\u03b3\u03c7\u03bf\u03c5\u03c2 \u03ba\u03b1\u03b9 \u03ac\u03bb\u03bb\u03c9\u03bd","publisher":{"@id":"https:\/\/elefka.com\/#organization"},"potentialAction":[{"@type":"SearchAction","target":{"@type":"EntryPoint","urlTemplate":"https:\/\/elefka.com\/?s={search_term_string}"},"query-input":{"@type":"PropertyValueSpecification","valueRequired":true,"valueName":"search_term_string"}}],"inLanguage":"el"},{"@type":"Organization","@id":"https:\/\/elefka.com\/#organization","name":"\u03a8\u03c5\u03c7\u03bf\u03bb\u03bf\u03b3\u03b9\u03ba\u03ae \u03c3\u03c5\u03bc\u03b2\u03bf\u03c5\u03bb\u03b5\u03c5\u03c4\u03b9\u03ba\u03ae \u03ba\u03b1\u03b9 \u03c5\u03c0\u03bd\u03bf\u03ba\u03b1\u03b8\u03bf\u03b4\u03ae\u03b3\u03b7\u03c3\u03b7","url":"https:\/\/elefka.com\/","logo":{"@type":"ImageObject","inLanguage":"el","@id":"https:\/\/elefka.com\/#\/schema\/logo\/image\/","url":"https:\/\/i0.wp.com\/elefka.com\/wp-content\/uploads\/2024\/01\/cropped-handylogo.png?fit=875%2C709&ssl=1","contentUrl":"https:\/\/i0.wp.com\/elefka.com\/wp-content\/uploads\/2024\/01\/cropped-handylogo.png?fit=875%2C709&ssl=1","width":875,"height":709,"caption":"Psychologische Beratung & Hypnocoaching"},"image":{"@id":"https:\/\/elefka.com\/#\/schema\/logo\/image\/"},"sameAs":["https:\/\/www.facebook.com\/people\/Find-your-peace-Psychologische-Beratung-Coaching-Lefteri-Karakostas\/100065520128344\/","https:\/\/www.instagram.com\/elefka_\/"]}]}},"jetpack_likes_enabled":true,"jetpack_sharing_enabled":true,"jetpack_shortlink":"https:\/\/wp.me\/PdOXQf-bs","jetpack-related-posts":[],"_links":{"self":[{"href":"https:\/\/elefka.com\/el\/wp-json\/wp\/v2\/pages\/710","targetHints":{"allow":["GET"]}}],"collection":[{"href":"https:\/\/elefka.com\/el\/wp-json\/wp\/v2\/pages"}],"about":[{"href":"https:\/\/elefka.com\/el\/wp-json\/wp\/v2\/types\/page"}],"author":[{"embeddable":true,"href":"https:\/\/elefka.com\/el\/wp-json\/wp\/v2\/users\/211446737"}],"replies":[{"embeddable":true,"href":"https:\/\/elefka.com\/el\/wp-json\/wp\/v2\/comments?post=710"}],"version-history":[{"count":6,"href":"https:\/\/elefka.com\/el\/wp-json\/wp\/v2\/pages\/710\/revisions"}],"predecessor-version":[{"id":718,"href":"https:\/\/elefka.com\/el\/wp-json\/wp\/v2\/pages\/710\/revisions\/718"}],"wp:attachment":[{"href":"https:\/\/elefka.com\/el\/wp-json\/wp\/v2\/media?parent=710"}],"curies":[{"name":"\u03b5\u03c1\u03b3\u03b1\u03c3\u03af\u03b1","href":"https:\/\/api.w.org\/{rel}","templated":true}]}}